{"id":42,"date":"2016-02-20T15:21:46","date_gmt":"2016-02-20T15:21:46","guid":{"rendered":"http:\/\/bitpublimedia.ro\/themeforest\/cubus-wp\/?page_id=42"},"modified":"2019-03-22T14:06:00","modified_gmt":"2019-03-22T13:06:00","slug":"kontakt","status":"publish","type":"page","link":"https:\/\/insal.com.al\/site\/kontakt\/","title":{"rendered":"Kontakt"},"content":{"rendered":"<div class=\"wpb-content-wrapper\"><p>[vc_row full_width=&#8221;stretch_row_content_no_spaces&#8221; disable_element=&#8221;yes&#8221;][vc_column]<div class=\"map\"><div class=\"google-map\" data-address=\"Dayton, USA\" data-caption=\"Office location\" data-popup=\"true\" data-maptype=\"ROADMAP\" data-zoom=\"15\" data-mapheight=\"660\"><\/div><\/div>[\/vc_column][\/vc_row][vc_row disable_element=&#8221;yes&#8221; css=&#8221;.vc_custom_1553259436408{margin-top: 50px !important;}&#8221;][vc_column]<div class=\"headline\"><h2>Contact<\/h2><p>Nulla ut semper augue, eget euismod quam.<\/p><\/div>[\/vc_column][\/vc_row][vc_row][vc_column][vc_empty_space height=&#8221;96px&#8221;][\/vc_column][\/vc_row][vc_row][vc_column][vc_column_text]<\/p>\n<h2 style=\"text-align: center;\"><strong>NA KONTAKTONI<\/strong><\/h2>\n<p>[\/vc_column_text][\/vc_column][\/vc_row][vc_row][vc_column][vc_empty_space height=&#8221;64px&#8221;][\/vc_column][\/vc_row][vc_row css=&#8221;.vc_custom_1474614670582{margin-bottom: 100px !important;}&#8221;][vc_column width=&#8221;1\/4&#8243;][vc_column_text]<\/p>\n<h4 class=\"text-uppercase\"><strong>Informacion Kontakti<\/strong><\/h4>\n<p>&nbsp;<\/p>\n<p>Instituti Shqiptar i saldimit \u00ebsht\u00eb nj\u00eb shoqat\u00eb jo-fitimprur\u00ebse e themeluar m\u00eb 6 Shkurt, 2016.<\/p>\n<p>Synimi yn\u00eb \u00ebsht\u00eb promovimi i shkenc\u00ebs s\u00eb saldimit dhe profesionalizmit t\u00eb aplikimit t\u00eb saj n\u00eb industri.[\/vc_column_text][vc_widget_sidebar sidebar_id=&#8221;footer-footer-1&#8243;][\/vc_column][vc_column width=&#8221;3\/4&#8243;]\n<div class=\"wpcf7 no-js\" id=\"wpcf7-f1450-o1\" lang=\"en-US\" dir=\"ltr\" data-wpcf7-id=\"1450\">\n<div class=\"screen-reader-response\"><p role=\"status\" aria-live=\"polite\" aria-atomic=\"true\"><\/p> <ul><\/ul><\/div>\n<form action=\"\/site\/wp-json\/wp\/v2\/pages\/42#wpcf7-f1450-o1\" method=\"post\" class=\"wpcf7-form init\" aria-label=\"Contact form\" novalidate=\"novalidate\" data-status=\"init\">\n<fieldset class=\"hidden-fields-container\"><input type=\"hidden\" name=\"_wpcf7\" value=\"1450\" \/><input type=\"hidden\" name=\"_wpcf7_version\" value=\"6.1.5\" \/><input type=\"hidden\" name=\"_wpcf7_locale\" value=\"en_US\" \/><input type=\"hidden\" name=\"_wpcf7_unit_tag\" value=\"wpcf7-f1450-o1\" \/><input type=\"hidden\" name=\"_wpcf7_container_post\" value=\"0\" \/><input type=\"hidden\" name=\"_wpcf7_posted_data_hash\" value=\"\" \/><input type=\"hidden\" name=\"_wpcf7_recaptcha_response\" value=\"\" \/>\n<\/fieldset>\n<p><label> Emri (fush\u00eb e detyrueshme)<br \/>\n<span class=\"wpcf7-form-control-wrap\" data-name=\"your-name\"><input size=\"40\" maxlength=\"400\" class=\"wpcf7-form-control wpcf7-text wpcf7-validates-as-required\" aria-required=\"true\" aria-invalid=\"false\" value=\"\" type=\"text\" name=\"your-name\" \/><\/span> <\/label>\n<\/p>\n<p><label> Adresa Email (fush\u00eb e detyrueshme)<br \/>\n<span class=\"wpcf7-form-control-wrap\" data-name=\"your-email\"><input size=\"40\" maxlength=\"400\" class=\"wpcf7-form-control wpcf7-email wpcf7-validates-as-required wpcf7-text wpcf7-validates-as-email\" aria-required=\"true\" aria-invalid=\"false\" value=\"\" type=\"email\" name=\"your-email\" \/><\/span> <\/label>\n<\/p>\n<p><label> Subjekti<br \/>\n<span class=\"wpcf7-form-control-wrap\" data-name=\"your-subject\"><input size=\"40\" maxlength=\"400\" class=\"wpcf7-form-control wpcf7-text\" aria-invalid=\"false\" value=\"\" type=\"text\" name=\"your-subject\" \/><\/span> <\/label>\n<\/p>\n<p><label> Mesazhi<br \/>\n<span class=\"wpcf7-form-control-wrap\" data-name=\"your-message\"><textarea cols=\"40\" rows=\"10\" maxlength=\"2000\" class=\"wpcf7-form-control wpcf7-textarea\" aria-invalid=\"false\" name=\"your-message\"><\/textarea><\/span> <\/label>\n<\/p>\n<p><input class=\"wpcf7-form-control wpcf7-submit has-spinner\" type=\"submit\" value=\"D\u00ebrgo\" \/>\n<\/p><div class=\"wpcf7-response-output\" aria-hidden=\"true\"><\/div>\n<\/form>\n<\/div>\n[\/vc_column][\/vc_row][vc_row full_width=&#8221;stretch_row&#8221; content_placement=&#8221;middle&#8221; disable_element=&#8221;yes&#8221; css=&#8221;.vc_custom_1553259403056{padding-top: 40px !important;padding-bottom: 40px !important;background-color: #85c334 !important;}&#8221; font_color=&#8221;#ffffff&#8221;][vc_column][vc_column_text]<\/p>\n<h2 class=\"text-center no-margin-bottom\"><strong>Suspendisse efficitur nec felis non luctus.Proin quis enim et est mattis placerat.<\/strong><\/h2>\n<p>[\/vc_column_text][\/vc_column][\/vc_row]<\/p>\n<\/div>","protected":false},"excerpt":{"rendered":"<p>[vc_row full_width=&#8221;stretch_row_content_no_spaces&#8221; disable_element=&#8221;yes&#8221;][vc_column][\/vc_column][\/vc_row][vc_row disable_element=&#8221;yes&#8221; css=&#8221;.vc_custom_1553259436408{margin-top: 50px !important;}&#8221;][vc_column][\/vc_column][\/vc_row][vc_row][vc_column][vc_empty_space height=&#8221;96px&#8221;][\/vc_column][\/vc_row][vc_row][vc_column][vc_column_text] NA KONTAKTONI [\/vc_column_text][\/vc_column][\/vc_row][vc_row][vc_column][vc_empty_space height=&#8221;64px&#8221;][\/vc_column][\/vc_row][vc_row css=&#8221;.vc_custom_1474614670582{margin-bottom: 100px !important;}&#8221;][vc_column width=&#8221;1\/4&#8243;][vc_column_text] Informacion Kontakti &nbsp; Instituti Shqiptar i saldimit \u00ebsht\u00eb nj\u00eb shoqat\u00eb jo-fitimprur\u00ebse e themeluar m\u00eb 6 Shkurt, 2016. Synimi yn\u00eb \u00ebsht\u00eb promovimi i shkenc\u00ebs s\u00eb saldimit dhe profesionalizmit t\u00eb aplikimit t\u00eb saj n\u00eb industri.[\/vc_column_text][vc_widget_sidebar sidebar_id=&#8221;footer-footer-1&#8243;][\/vc_column][vc_column width=&#8221;3\/4&#8243;][\/vc_column][\/vc_row][vc_row full_width=&#8221;stretch_row&#8221; content_placement=&#8221;middle&#8221; disable_element=&#8221;yes&#8221; css=&#8221;.vc_custom_1553259403056{padding-top: [&hellip;]<\/p>\n","protected":false},"author":1,"featured_media":0,"parent":0,"menu_order":0,"comment_status":"closed","ping_status":"closed","template":"","meta":{"_monsterinsights_skip_tracking":false,"_monsterinsights_sitenote_active":false,"_monsterinsights_sitenote_note":"","_monsterinsights_sitenote_category":0,"footnotes":""},"class_list":["post-42","page","type-page","status-publish","hentry"],"aioseo_notices":[],"_links":{"self":[{"href":"https:\/\/insal.com.al\/site\/wp-json\/wp\/v2\/pages\/42","targetHints":{"allow":["GET"]}}],"collection":[{"href":"https:\/\/insal.com.al\/site\/wp-json\/wp\/v2\/pages"}],"about":[{"href":"https:\/\/insal.com.al\/site\/wp-json\/wp\/v2\/types\/page"}],"author":[{"embeddable":true,"href":"https:\/\/insal.com.al\/site\/wp-json\/wp\/v2\/users\/1"}],"replies":[{"embeddable":true,"href":"https:\/\/insal.com.al\/site\/wp-json\/wp\/v2\/comments?post=42"}],"version-history":[{"count":9,"href":"https:\/\/insal.com.al\/site\/wp-json\/wp\/v2\/pages\/42\/revisions"}],"predecessor-version":[{"id":1459,"href":"https:\/\/insal.com.al\/site\/wp-json\/wp\/v2\/pages\/42\/revisions\/1459"}],"wp:attachment":[{"href":"https:\/\/insal.com.al\/site\/wp-json\/wp\/v2\/media?parent=42"}],"curies":[{"name":"wp","href":"https:\/\/api.w.org\/{rel}","templated":true}]}}