{"id":34,"date":"2016-02-20T15:20:48","date_gmt":"2016-02-20T15:20:48","guid":{"rendered":"http:\/\/bitpublimedia.ro\/themeforest\/cubus-wp\/?page_id=34"},"modified":"2026-04-10T09:31:36","modified_gmt":"2026-04-10T08:31:36","slug":"rreth-nesh","status":"publish","type":"page","link":"https:\/\/insal.com.al\/site\/rreth-nesh\/","title":{"rendered":"Rreth nesh"},"content":{"rendered":"<div class=\"wpb-content-wrapper\"><p>[vc_row][vc_column][vc_column_text]<\/p>\n<h3 class=\"text-uppercase\"><strong>HISTORIK I SHOQAT\u00cbS<\/strong><\/h3>\n<p>[\/vc_column_text][\/vc_column][\/vc_row][vc_row css=&#8221;.vc_custom_1475477611099{margin-bottom: 60px !important;}&#8221;][vc_column width=&#8221;1\/3&#8243;][vc_column_text]Instituti Shqiptar i saldimit ka nisur si inisiativ\u00eb e profesionist\u00ebve t\u00eb teknologjis\u00eb s\u00eb saldimit, synimi i t\u00eb cil\u00ebve \u00ebsht\u00eb promovimi i shkenc\u00ebs s\u00eb saldimit dhe profesionalizmit t\u00eb aplikimit t\u00eb saj n\u00eb industri.<\/p>\n<p>N\u00eb dat\u00ebn 6 Shkurt 2016, t\u00eb inkurajuar nga sektori i biznesit, profesionist\u00ebt dhe praktikuesit e teknologjis\u00eb s\u00eb saldimit, gjasht\u00eb anetar\u00ebt themelues u mblodh\u00ebn dhe krijuan Institutin Shqiptar t\u00eb Saldimit INSAL.<\/p>\n<p>N\u00eb dat\u00ebn \/ \/2016, Shoqata u regjistrua n\u00eb Gjykat\u00ebn e Tiran\u00ebs si nj\u00eb shoqat\u00eb jo-fitimprur\u00ebse.[\/vc_column_text][\/vc_column][vc_column width=&#8221;1\/3&#8243;][vc_column_text]<\/p>\n<ul class=\"arrow\">\n<li>Promovimi i kultur\u00ebs, njohurive teknike e shkencore t\u00eb saldimit<\/li>\n<li>P\u00ebrkujdesje p\u00ebr p\u00ebrgatitjen dhe divulgimin e materialeve formuese dhe didaktike lidhur me shkenc\u00ebn dhe teknologjin\u00eb e saldimit<\/li>\n<li>Organizimi i manifestimeve, konferencave dhe mbledhjeve me karakter shkencor e kulturor n\u00eb nivel komb\u00ebtar dhe nd\u00ebrkombetar, n\u00eb sektorin e saldimit n\u00eb p\u00ebrgjith\u00ebsi<\/li>\n<li>Promovimi dhe organizimi i kurseve dhe aktiviteteve t\u00eb tjera formuese, me q\u00ebllim azhornimim e an\u00ebtar\u00ebve me avancimin n\u00eb shkencen dhe teknologjin\u00eb e saldimit<\/li>\n<li>Promovimi i nd\u00ebrgjegjshm\u00ebris\u00eb midis an\u00ebtar\u00ebve lidhur me p\u00ebrgjegj\u00ebsit\u00eb p\u00ebr t\u00eb ndihmuar zhvillimin e biznesit dhe industris\u00eb n\u00eb vendin ton\u00eb.<\/li>\n<\/ul>\n<p>[\/vc_column_text][\/vc_column][vc_column width=&#8221;1\/3&#8243;][vc_images_carousel images=&#8221;1461,1462,1463&#8243; img_size=&#8221;large&#8221; onclick=&#8221;link_no&#8221; autoplay=&#8221;yes&#8221; hide_pagination_control=&#8221;yes&#8221; hide_prev_next_buttons=&#8221;yes&#8221; wrap=&#8221;yes&#8221; css=&#8221;&#8221;][\/vc_column][\/vc_row][vc_row full_width=&#8221;stretch_row_content_no_spaces&#8221; equal_height=&#8221;yes&#8221; content_placement=&#8221;middle&#8221; el_id=&#8221;image-row&#8221; css=&#8221;.vc_custom_1475500447768{margin-bottom: 0px !important;}&#8221;][vc_column width=&#8221;1\/2&#8243;][vc_single_image image=&#8221;1475&#8243; img_size=&#8221;large&#8221;][\/vc_column][vc_column width=&#8221;1\/3&#8243; css=&#8221;.vc_custom_1475477467676{padding-left: 30px !important;}&#8221;][vc_column_text]<\/p>\n<h1>Themeluesit e Shoqat\u00ebs<\/h1>\n<p>&nbsp;<\/p>\n<p>Enkelejda KONDA<br \/>\nDhimiter SOTJA<br \/>\nSyrja SUKAJ<br \/>\nHiqmet BUSHI<br \/>\nDeshir GJETJA<br \/>\nKreshnik DACI[\/vc_column_text][\/vc_column][\/vc_row][vc_row full_width=&#8221;stretch_row&#8221; content_placement=&#8221;middle&#8221; css=&#8221;.vc_custom_1553379753226{margin-bottom: 100px !important;padding-top: 40px !important;padding-bottom: 40px !important;}&#8221; font_color=&#8221;#ffffff&#8221;][vc_column][vc_empty_space][\/vc_column][\/vc_row][vc_row full_width=&#8221;stretch_row&#8221; content_placement=&#8221;middle&#8221; css=&#8221;.vc_custom_1553337171397{margin-bottom: 100px !important;padding-top: 40px !important;padding-bottom: 40px !important;background-color: #f4ad29 !important;}&#8221; font_color=&#8221;#ffffff&#8221;][vc_column][vc_column_text]<\/p>\n<h2 class=\"no-margin-bottom text-center\"><strong>INSAL u themelua m\u00eb 6 Shkurt 2016.<\/strong><\/h2>\n<p>[\/vc_column_text][\/vc_column][\/vc_row][vc_row disable_element=&#8221;yes&#8221;][vc_column]<div class=\"headline\"><h2>Meet the team<\/h2><p>Nulla ut semper augue, eget euismod quam.<\/p><\/div>[\/vc_column][\/vc_row][vc_row disable_element=&#8221;yes&#8221; css=&#8221;.vc_custom_1553337231483{margin-bottom: 100px !important;}&#8221;][vc_column width=&#8221;1\/3&#8243;]<div class=\"team-member\"><div class=\"team-member-description\"><h4>Maria Smith<\/h4><h5>Manager<\/h5><p>Habitasse platea dictumst. Donec ultricies ante id odio ultrices commodo. Sed semper metus ac congue tinci dunt. Suspendisse maximus.<\/p>\n<div class=\"social-media\"><div class=\"fixed social-media\"><a class=\"facebook-icon social-icon\" href=\"#\" target=\"_blank\"><i class=\"fa fa-facebook\"><\/i><\/a><a class=\"twitter-icon social-icon\" href=\"#\" target=\"_blank\"><i class=\"fa fa-twitter\"><\/i><\/a><a class=\"pinterest-icon social-icon\" href=\"#\" target=\"_blank\"><i class=\"fa fa-pinterest\"><\/i><\/a><a class=\"google-plus-icon social-icon\" href=\"#\" target=\"_blank\"><i class=\"fa fa-google-plus\"><\/i><\/a><\/div><\/div><\/div><\/div>[\/vc_column][vc_column width=&#8221;1\/3&#8243;]<div class=\"team-member\"><div class=\"team-member-description\"><h4>Mike Simpson<\/h4><h5>Asistent<\/h5><p>Duis libero mauris, fringilla sit amet lorem a, sodales pellentesque sem. Duis ut orci nisi. Donec posuere eleifend mi non vehicula.<\/p>\n<div class=\"social-media\"><div class=\"fixed social-media\"><a class=\"facebook-icon social-icon\" href=\"#\" target=\"_blank\"><i class=\"fa fa-facebook\"><\/i><\/a><a class=\"twitter-icon social-icon\" href=\"#\" target=\"_blank\"><i class=\"fa fa-twitter\"><\/i><\/a><a class=\"pinterest-icon social-icon\" href=\"#\" target=\"_blank\"><i class=\"fa fa-pinterest\"><\/i><\/a><a class=\"google-plus-icon social-icon\" href=\"#\" target=\"_blank\"><i class=\"fa fa-google-plus\"><\/i><\/a><\/div><\/div><\/div><\/div>[\/vc_column][vc_column width=&#8221;1\/3&#8243;]<div class=\"team-member\"><div class=\"team-member-description\"><h4>Jack Parker<\/h4><h5>Designer<\/h5><p>Pellentesque ante ligula, rhoncus non dolor interdum, convallis pulvinar ex. Nullam quis eros nec turpis omis sed porttitor eu ut ipsum.<\/p>\n<div class=\"social-media\"><div class=\"fixed social-media\"><a class=\"facebook-icon social-icon\" href=\"#\" target=\"_blank\"><i class=\"fa fa-facebook\"><\/i><\/a><a class=\"twitter-icon social-icon\" href=\"#\" target=\"_blank\"><i class=\"fa fa-twitter\"><\/i><\/a><a class=\"pinterest-icon social-icon\" href=\"#\" target=\"_blank\"><i class=\"fa fa-pinterest\"><\/i><\/a><a class=\"google-plus-icon social-icon\" href=\"#\" target=\"_blank\"><i class=\"fa fa-google-plus\"><\/i><\/a><\/div><\/div><\/div><\/div>[\/vc_column][\/vc_row][vc_row full_width=&#8221;stretch_row&#8221; content_placement=&#8221;middle&#8221; parallax=&#8221;content-moving&#8221; parallax_image=&#8221;1101&#8243; disable_element=&#8221;yes&#8221; css=&#8221;.vc_custom_1553337527388{margin-bottom: 100px !important;padding-top: 100px !important;padding-bottom: 100px !important;}&#8221; font_color=&#8221;#ffffff&#8221;][vc_column][vc_row_inner disable_element=&#8221;yes&#8221;][vc_column_inner]<div class=\"headline\"><h2>Take a look<\/h2><\/div>[\/vc_column_inner][\/vc_row_inner][vc_row_inner disable_element=&#8221;yes&#8221;][vc_column_inner width=&#8221;8\/12&#8243;][vc_column_text]<\/p>\n<h4>In hac habitasse platea dictumst. Donec ultricies ante id odio ultrices commodo. Sed semper metus ac congue tincidunt. Suspendisse maximus, justo vel mollis pellentesque, urna tortor molestie metus, vel bibendum quam ante vitae nulla. Pellentesque diam odio, facilisis vitae dictum non, pellentesque nec nisi.<\/h4>\n<p>[\/vc_column_text][\/vc_column_inner][vc_column_inner width=&#8221;4\/12&#8243;][\/vc_column_inner][\/vc_row_inner][vc_row_inner disable_element=&#8221;yes&#8221;][vc_column_inner width=&#8221;1\/2&#8243;]<div class=\"fixed\">\n\t\t\t\t<div class=\"progress-bar\" style=\"background-color:#252525\">\n\t\t\t\t\t<span class=\"progress-bar-outer\" data-width=\"80\" data-progress-bar-outer-color=\"#85c334\">\n\t\t\t\t\t\t<span class=\"progress-bar-inner\"><\/span>\n\t\t\t\t\t\t<span class=\"progress-percentage\">80%<\/span>\n\t\t\t\t\t<\/span>\n\t\t\t\t<\/div>\n\t\t\t\t<div class=\"progress-bar-description\">Marketing<\/div>\n\t\t\t<\/div><div class=\"fixed\">\n\t\t\t\t<div class=\"progress-bar\" style=\"background-color:#252525\">\n\t\t\t\t\t<span class=\"progress-bar-outer\" data-width=\"90\" data-progress-bar-outer-color=\"#85c334\">\n\t\t\t\t\t\t<span class=\"progress-bar-inner\"><\/span>\n\t\t\t\t\t\t<span class=\"progress-percentage\">90%<\/span>\n\t\t\t\t\t<\/span>\n\t\t\t\t<\/div>\n\t\t\t\t<div class=\"progress-bar-description\">Design<\/div>\n\t\t\t<\/div><div class=\"fixed\">\n\t\t\t\t<div class=\"progress-bar\" style=\"background-color:#252525\">\n\t\t\t\t\t<span class=\"progress-bar-outer\" data-width=\"60\" data-progress-bar-outer-color=\"#85c334\">\n\t\t\t\t\t\t<span class=\"progress-bar-inner\"><\/span>\n\t\t\t\t\t\t<span class=\"progress-percentage\">60%<\/span>\n\t\t\t\t\t<\/span>\n\t\t\t\t<\/div>\n\t\t\t\t<div class=\"progress-bar-description\">Php &amp; Html<\/div>\n\t\t\t<\/div><div class=\"fixed\">\n\t\t\t\t<div class=\"progress-bar\" style=\"background-color:#252525\">\n\t\t\t\t\t<span class=\"progress-bar-outer\" data-width=\"85\" data-progress-bar-outer-color=\"#85c334\">\n\t\t\t\t\t\t<span class=\"progress-bar-inner\"><\/span>\n\t\t\t\t\t\t<span class=\"progress-percentage\">85%<\/span>\n\t\t\t\t\t<\/span>\n\t\t\t\t<\/div>\n\t\t\t\t<div class=\"progress-bar-description\">Creativity<\/div>\n\t\t\t<\/div>[\/vc_column_inner][vc_column_inner width=&#8221;1\/4&#8243;]<div class=\"pie-chart\" data-percent=\"90\" data-barColor=\"#85c334\" data-trackColor=\"transparent\" data-lineWidth=\"9\" data-barSize=\"220\">\n\t\t\t\t<div class=\"pie-chart-percent\">\n\t\t\t\t\t<span><\/span>\n\t\t\t\t\t<sup>%<\/sup>\n\t\t\t\t<\/div>\n\t\t\t\t<span class=\"pie-chart-custom-text\">Html &amp; Css<\/span>\n\t\t\t<\/div>[\/vc_column_inner][vc_column_inner width=&#8221;1\/4&#8243;]<div class=\"pie-chart\" data-percent=\"75\" data-barColor=\"#85c334\" data-trackColor=\"transparent\" data-lineWidth=\"9\" data-barSize=\"220\">\n\t\t\t\t<div class=\"pie-chart-percent\">\n\t\t\t\t\t<span><\/span>\n\t\t\t\t\t<sup>%<\/sup>\n\t\t\t\t<\/div>\n\t\t\t\t<span class=\"pie-chart-custom-text\">Design<\/span>\n\t\t\t<\/div>[\/vc_column_inner][\/vc_row_inner][\/vc_column][\/vc_row][vc_row disable_element=&#8221;yes&#8221;][vc_column]<div class=\"headline\"><h2>Clients testimonials<\/h2><p>Nulla ut semper augue, eget euismod quam.<\/p><\/div>[\/vc_column][\/vc_row][vc_row disable_element=&#8221;yes&#8221; css=&#8221;.vc_custom_1553337274834{margin-bottom: 50px !important;}&#8221;][vc_column width=&#8221;1\/2&#8243;]<div class=\"testimonial\"><h5>Jane Smith, <span>Asistent<\/span><\/h5>\n\t\t\t<blockquote>\n\t\t\t\t<p>Nulla ut semper augue, eget euismod quam. Quisque vel ligula nunc. Suspen disse eleifend massa molestie viverra.<\/p>\n\t\t\t<\/blockquote><\/div><div class=\"testimonial\"><h5>Maria Doe, <span>CEO Company<\/span><\/h5>\n\t\t\t<blockquote>\n\t\t\t\t<p>Aliquam justo quam, viverra quis nibh sit amet, placerat condimentum urna. Nunc ultricies imperdiet lorem vitae.<\/p>\n\t\t\t<\/blockquote><\/div>[\/vc_column][vc_column width=&#8221;1\/2&#8243;]<div class=\"testimonial\"><h5>Tom Cater, <span>Administrator<\/span><\/h5>\n\t\t\t<blockquote>\n\t\t\t\t<p>Proin sagittis auctor sapien sit amet hendrerit. Cras a sem vel lectus volutpat dictum id non elit ante ipsum primis.<\/p>\n\t\t\t<\/blockquote><\/div><div class=\"testimonial\"><h5>Jack William, <span>Manager<\/span><\/h5>\n\t\t\t<blockquote>\n\t\t\t\t<p>Fusce mattis pretium sem, a venenatis risus laoreet a. Suspendisse fermentum vulputate dapibus nullam.<\/p>\n\t\t\t<\/blockquote><\/div>[\/vc_column][\/vc_row][vc_row disable_element=&#8221;yes&#8221; css=&#8221;.vc_custom_1553337286659{margin-bottom: 100px !important;}&#8221;][vc_column][vc_column_text]<\/p>\n<p class=\"text-center\"><a class=\"btn\" href=\"#\">Read more<\/a><\/p>\n<p>[\/vc_column_text][\/vc_column][\/vc_row][vc_row disable_element=&#8221;yes&#8221;][vc_column][vc_single_image image=&#8221;1121&#8243; img_size=&#8221;large&#8221; alignment=&#8221;center&#8221;][\/vc_column][\/vc_row][vc_row][vc_column][vc_column_text]<\/p>\n<h1 class=\"text-uppercase\" style=\"text-align: center;\"><strong>INSAL<\/strong><\/h1>\n<p>&nbsp;<\/p>\n<h3 style=\"text-align: center;\">Instituti Shqiptar i Saldimit nisi si nj\u00eb inisiativ\u00eb e profesionist\u00ebve t\u00eb teknologjis\u00eb s\u00eb saldimit, synimi i t\u00eb cil\u00ebve \u00ebsht\u00eb promovimi i shkenc\u00ebs s\u00eb saldimit dhe profesionalizmit t\u00eb aplikimit t\u00eb saj n\u00eb industri.<\/h3>\n<p>[\/vc_column_text][\/vc_column][\/vc_row][vc_row][vc_column][vc_empty_space height=&#8221;128px&#8221;][\/vc_column][\/vc_row]<\/p>\n<\/div>","protected":false},"excerpt":{"rendered":"<p>[vc_row][vc_column][vc_column_text] HISTORIK I SHOQAT\u00cbS [\/vc_column_text][\/vc_column][\/vc_row][vc_row css=&#8221;.vc_custom_1475477611099{margin-bottom: 60px !important;}&#8221;][vc_column width=&#8221;1\/3&#8243;][vc_column_text]Instituti Shqiptar i saldimit ka nisur si inisiativ\u00eb e profesionist\u00ebve t\u00eb teknologjis\u00eb s\u00eb saldimit, synimi i t\u00eb cil\u00ebve \u00ebsht\u00eb promovimi i shkenc\u00ebs s\u00eb saldimit dhe profesionalizmit t\u00eb aplikimit t\u00eb saj n\u00eb industri. N\u00eb dat\u00ebn 6 Shkurt 2016, t\u00eb inkurajuar nga sektori i biznesit, profesionist\u00ebt dhe praktikuesit e [&hellip;]<\/p>\n","protected":false},"author":1,"featured_media":0,"parent":0,"menu_order":0,"comment_status":"closed","ping_status":"closed","template":"","meta":{"_monsterinsights_skip_tracking":false,"_monsterinsights_sitenote_active":false,"_monsterinsights_sitenote_note":"","_monsterinsights_sitenote_category":0,"footnotes":""},"class_list":["post-34","page","type-page","status-publish","hentry"],"aioseo_notices":[],"_links":{"self":[{"href":"https:\/\/insal.com.al\/site\/wp-json\/wp\/v2\/pages\/34","targetHints":{"allow":["GET"]}}],"collection":[{"href":"https:\/\/insal.com.al\/site\/wp-json\/wp\/v2\/pages"}],"about":[{"href":"https:\/\/insal.com.al\/site\/wp-json\/wp\/v2\/types\/page"}],"author":[{"embeddable":true,"href":"https:\/\/insal.com.al\/site\/wp-json\/wp\/v2\/users\/1"}],"replies":[{"embeddable":true,"href":"https:\/\/insal.com.al\/site\/wp-json\/wp\/v2\/comments?post=34"}],"version-history":[{"count":25,"href":"https:\/\/insal.com.al\/site\/wp-json\/wp\/v2\/pages\/34\/revisions"}],"predecessor-version":[{"id":1881,"href":"https:\/\/insal.com.al\/site\/wp-json\/wp\/v2\/pages\/34\/revisions\/1881"}],"wp:attachment":[{"href":"https:\/\/insal.com.al\/site\/wp-json\/wp\/v2\/media?parent=34"}],"curies":[{"name":"wp","href":"https:\/\/api.w.org\/{rel}","templated":true}]}}